{"id":287,"date":"2022-01-16T16:42:14","date_gmt":"2022-01-16T16:42:14","guid":{"rendered":"https:\/\/galeria-akwareli.pl\/?page_id=287"},"modified":"2022-01-19T18:45:55","modified_gmt":"2022-01-19T18:45:55","slug":"akwarela-moja-pasja","status":"publish","type":"page","link":"https:\/\/galeria-akwareli.pl\/","title":{"rendered":"Akwarela \u2013 moja pasja"},"content":{"rendered":"\n<p><\/p>\n\n\n\n<h2>Strona powsta\u0142a z mojej pasji do malowania, szczeg\u00f3lnie akwareli.<\/h2>\n\n\n\n<h2><\/h2>\n\n\n\n<div class=\"wp-block-media-text alignwide has-media-on-the-right is-stacked-on-mobile is-vertically-aligned-center\" style=\"grid-template-columns:auto 43%\"><figure class=\"wp-block-media-text__media\"><img loading=\"lazy\" width=\"1024\" height=\"686\" src=\"https:\/\/galeria-akwareli.pl\/wp-content\/uploads\/2022\/01\/8-1-1024x686.jpg\" alt=\"\" class=\"wp-image-300 size-full\" srcset=\"https:\/\/galeria-akwareli.pl\/wp-content\/uploads\/2022\/01\/8-1-1024x686.jpg 1024w, https:\/\/galeria-akwareli.pl\/wp-content\/uploads\/2022\/01\/8-1-300x201.jpg 300w, https:\/\/galeria-akwareli.pl\/wp-content\/uploads\/2022\/01\/8-1-768x515.jpg 768w, https:\/\/galeria-akwareli.pl\/wp-content\/uploads\/2022\/01\/8-1.jpg 1337w\" sizes=\"(max-width: 1024px) 100vw, 1024px\" \/><\/figure><div class=\"wp-block-media-text__content\">\n<pre class=\"wp-block-verse has-normal-font-size\">Akwarela jest jedn\u0105 z trudniejszych technik malarskich, ale pos\u0142ugiwa\u0107 si\u0119 ni\u0105 mo\u017ce ka\u017cdy, niezale\u017cnie od wykszta\u0142cenia czy wieku. Nie wymaga drogich materia\u0142\u00f3w jak w przypadku malarstwa olejnego &nbsp;czy grafiki. Czasem wystarcza tylko kartka papieru, par\u0119 kolor\u00f3w farb i p\u0119dzel. O ch\u0119ci i wodzie ju\u017c nie wspominam \ud83d\ude0a. Polega na nak\u0142adaniu laserunkowych warstw wodnej farby na papier. &nbsp;Nigdy nie mo\u017cna przewidzie\u0107 jak kolory si\u0119 po\u0142\u0105cz\u0105 ze sob\u0105 i jaki dadz\u0105 efekt ko\u0144cowy i to jest niesamowite w tej technice. &nbsp;Efekt, jaki mo\u017cna uzyska\u0107 za pomoc\u0105 farb akwarelowych jest delikatny, ulotny, ale mo\u017ce te\u017c by\u0107 bardziej wyrazisty, a czasem i dramatyczny To w\u0142a\u015bnie dzi\u0119ki nim najskuteczniej mo\u017cna odda\u0107 \u015bwietlisto\u015b\u0107 ulotnych zjawisk natury takich jak burza, zmierzch czy nocne odbicia latarni na brukowanej ulicy.<\/pre>\n<\/div><\/div>\n\n\n\n<p class=\"has-text-align-center has-medium-font-size\">Strona powsta\u0142a z my\u015bl\u0105 o tych, kt\u00f3rzy chcieliby zacz\u0105\u0107 malowa\u0107, ale nie wiedz\u0105 jak zacz\u0105\u0107.<\/p>\n\n\n\n<p class=\"has-text-align-center has-medium-font-size\">Z drugiej strony, malowanie to kawa\u0142 mojego \u017cycia.<\/p>\n\n\n\n<p class=\"has-text-align-center has-medium-font-size\">Z wykszta\u0142cenia jestem farmaceut\u0105. W swojej pracy zawodowej zajmuj\u0119 si\u0119 kompletnie czym innym. Postanowi\u0142em wr\u00f3ci\u0107 do swoich zainteresowa\u0144. <\/p>\n\n\n\n<p class=\"has-text-align-center has-medium-font-size\">Czy si\u0119 to uda, to si\u0119 oka\u017ce \u2026.<\/p>\n\n\n\n<p class=\"has-text-align-center has-medium-font-size\"><span class=\"has-inline-color has-vivid-cyan-blue-color\"><strong>Zapraszam wszystkich do ogl\u0105dania, a czasem i do wspominania, bo wielu moich znajomych, a czasem przypadkowych ludzi, by\u0142o \u015bwiadkiem powstawania niekt\u00f3rych z nich<\/strong> &#8230;.<\/span><\/p>\n","protected":false},"excerpt":{"rendered":"<p>Strona powsta\u0142a z mojej pasji do malowania, szczeg\u00f3lnie akwareli. Akwarela jest jedn\u0105 z trudniejszych technik malarskich, ale pos\u0142ugiwa\u0107 si\u0119 ni\u0105 mo\u017ce ka\u017cdy, niezale\u017cnie od wykszta\u0142cenia&hellip; <\/p>\n","protected":false},"author":1,"featured_media":0,"parent":0,"menu_order":0,"comment_status":"closed","ping_status":"closed","template":"page-templates\/gallery-template.php","meta":[],"yoast_head":"<!-- This site is optimized with the Yoast SEO plugin v19.2 - https:\/\/yoast.com\/wordpress\/plugins\/seo\/ -->\n<title>Akwarela \u2013 moja pasja - Akwarela - moja pasja<\/title>\n<meta name=\"robots\" content=\"index, follow, max-snippet:-1, max-image-preview:large, max-video-preview:-1\" \/>\n<link rel=\"canonical\" href=\"https:\/\/galeria-akwareli.pl\/\" \/>\n<meta property=\"og:locale\" content=\"pl_PL\" \/>\n<meta property=\"og:type\" content=\"article\" \/>\n<meta property=\"og:title\" content=\"Akwarela \u2013 moja pasja - Akwarela - moja pasja\" \/>\n<meta property=\"og:description\" content=\"Strona powsta\u0142a z mojej pasji do malowania, szczeg\u00f3lnie akwareli. Akwarela jest jedn\u0105 z trudniejszych technik malarskich, ale pos\u0142ugiwa\u0107 si\u0119 ni\u0105 mo\u017ce ka\u017cdy, niezale\u017cnie od wykszta\u0142cenia&hellip;\" \/>\n<meta property=\"og:url\" content=\"https:\/\/galeria-akwareli.pl\/\" \/>\n<meta property=\"og:site_name\" content=\"Akwarela - moja pasja\" \/>\n<meta property=\"article:publisher\" content=\"https:\/\/www.facebook.com\/arkadiusz.gruchlkik\/\" \/>\n<meta property=\"article:modified_time\" content=\"2022-01-19T18:45:55+00:00\" \/>\n<meta property=\"og:image\" content=\"https:\/\/galeria-akwareli.pl\/wp-content\/uploads\/2022\/01\/8-1-1024x686.jpg\" \/>\n<meta name=\"author\" content=\"Admin\" \/>\n<meta name=\"twitter:card\" content=\"summary_large_image\" \/>\n<meta name=\"twitter:label1\" content=\"Szacowany czas czytania\" \/>\n\t<meta name=\"twitter:data1\" content=\"2 minuty\" \/>\n<script type=\"application\/ld+json\" class=\"yoast-schema-graph\">{\"@context\":\"https:\/\/schema.org\",\"@graph\":[{\"@type\":\"WebSite\",\"@id\":\"https:\/\/galeria-akwareli.pl\/#website\",\"url\":\"https:\/\/galeria-akwareli.pl\/\",\"name\":\"Akwarela - moja pasja\",\"description\":\"Galeria akwareli - Arkadiusz Gruchlik\",\"potentialAction\":[{\"@type\":\"SearchAction\",\"target\":{\"@type\":\"EntryPoint\",\"urlTemplate\":\"https:\/\/galeria-akwareli.pl\/?s={search_term_string}\"},\"query-input\":\"required name=search_term_string\"}],\"inLanguage\":\"pl-PL\"},{\"@type\":\"ImageObject\",\"inLanguage\":\"pl-PL\",\"@id\":\"https:\/\/galeria-akwareli.pl\/#primaryimage\",\"url\":\"https:\/\/galeria-akwareli.pl\/wp-content\/uploads\/2022\/01\/8-1.jpg\",\"contentUrl\":\"https:\/\/galeria-akwareli.pl\/wp-content\/uploads\/2022\/01\/8-1.jpg\",\"width\":1337,\"height\":896},{\"@type\":\"WebPage\",\"@id\":\"https:\/\/galeria-akwareli.pl\/#webpage\",\"url\":\"https:\/\/galeria-akwareli.pl\/\",\"name\":\"Akwarela \u2013 moja pasja - Akwarela - moja pasja\",\"isPartOf\":{\"@id\":\"https:\/\/galeria-akwareli.pl\/#website\"},\"primaryImageOfPage\":{\"@id\":\"https:\/\/galeria-akwareli.pl\/#primaryimage\"},\"datePublished\":\"2022-01-16T16:42:14+00:00\",\"dateModified\":\"2022-01-19T18:45:55+00:00\",\"breadcrumb\":{\"@id\":\"https:\/\/galeria-akwareli.pl\/#breadcrumb\"},\"inLanguage\":\"pl-PL\",\"potentialAction\":[{\"@type\":\"ReadAction\",\"target\":[\"https:\/\/galeria-akwareli.pl\/\"]}]},{\"@type\":\"BreadcrumbList\",\"@id\":\"https:\/\/galeria-akwareli.pl\/#breadcrumb\",\"itemListElement\":[{\"@type\":\"ListItem\",\"position\":1,\"name\":\"Strona g\u0142\u00f3wna\",\"item\":\"https:\/\/galeria-akwareli.pl\/\"},{\"@type\":\"ListItem\",\"position\":2,\"name\":\"Akwarela \u2013 moja pasja\"}]}]}<\/script>\n<!-- \/ Yoast SEO plugin. -->","yoast_head_json":{"title":"Akwarela \u2013 moja pasja - Akwarela - moja pasja","robots":{"index":"index","follow":"follow","max-snippet":"max-snippet:-1","max-image-preview":"max-image-preview:large","max-video-preview":"max-video-preview:-1"},"canonical":"https:\/\/galeria-akwareli.pl\/","og_locale":"pl_PL","og_type":"article","og_title":"Akwarela \u2013 moja pasja - Akwarela - moja pasja","og_description":"Strona powsta\u0142a z mojej pasji do malowania, szczeg\u00f3lnie akwareli. Akwarela jest jedn\u0105 z trudniejszych technik malarskich, ale pos\u0142ugiwa\u0107 si\u0119 ni\u0105 mo\u017ce ka\u017cdy, niezale\u017cnie od wykszta\u0142cenia&hellip;","og_url":"https:\/\/galeria-akwareli.pl\/","og_site_name":"Akwarela - moja pasja","article_publisher":"https:\/\/www.facebook.com\/arkadiusz.gruchlkik\/","article_modified_time":"2022-01-19T18:45:55+00:00","og_image":[{"url":"https:\/\/galeria-akwareli.pl\/wp-content\/uploads\/2022\/01\/8-1-1024x686.jpg"}],"author":"Admin","twitter_card":"summary_large_image","twitter_misc":{"Szacowany czas czytania":"2 minuty"},"schema":{"@context":"https:\/\/schema.org","@graph":[{"@type":"WebSite","@id":"https:\/\/galeria-akwareli.pl\/#website","url":"https:\/\/galeria-akwareli.pl\/","name":"Akwarela - moja pasja","description":"Galeria akwareli - Arkadiusz Gruchlik","potentialAction":[{"@type":"SearchAction","target":{"@type":"EntryPoint","urlTemplate":"https:\/\/galeria-akwareli.pl\/?s={search_term_string}"},"query-input":"required name=search_term_string"}],"inLanguage":"pl-PL"},{"@type":"ImageObject","inLanguage":"pl-PL","@id":"https:\/\/galeria-akwareli.pl\/#primaryimage","url":"https:\/\/galeria-akwareli.pl\/wp-content\/uploads\/2022\/01\/8-1.jpg","contentUrl":"https:\/\/galeria-akwareli.pl\/wp-content\/uploads\/2022\/01\/8-1.jpg","width":1337,"height":896},{"@type":"WebPage","@id":"https:\/\/galeria-akwareli.pl\/#webpage","url":"https:\/\/galeria-akwareli.pl\/","name":"Akwarela \u2013 moja pasja - Akwarela - moja pasja","isPartOf":{"@id":"https:\/\/galeria-akwareli.pl\/#website"},"primaryImageOfPage":{"@id":"https:\/\/galeria-akwareli.pl\/#primaryimage"},"datePublished":"2022-01-16T16:42:14+00:00","dateModified":"2022-01-19T18:45:55+00:00","breadcrumb":{"@id":"https:\/\/galeria-akwareli.pl\/#breadcrumb"},"inLanguage":"pl-PL","potentialAction":[{"@type":"ReadAction","target":["https:\/\/galeria-akwareli.pl\/"]}]},{"@type":"BreadcrumbList","@id":"https:\/\/galeria-akwareli.pl\/#breadcrumb","itemListElement":[{"@type":"ListItem","position":1,"name":"Strona g\u0142\u00f3wna","item":"https:\/\/galeria-akwareli.pl\/"},{"@type":"ListItem","position":2,"name":"Akwarela \u2013 moja pasja"}]}]}},"_links":{"self":[{"href":"https:\/\/galeria-akwareli.pl\/index.php\/wp-json\/wp\/v2\/pages\/287"}],"collection":[{"href":"https:\/\/galeria-akwareli.pl\/index.php\/wp-json\/wp\/v2\/pages"}],"about":[{"href":"https:\/\/galeria-akwareli.pl\/index.php\/wp-json\/wp\/v2\/types\/page"}],"author":[{"embeddable":true,"href":"https:\/\/galeria-akwareli.pl\/index.php\/wp-json\/wp\/v2\/users\/1"}],"replies":[{"embeddable":true,"href":"https:\/\/galeria-akwareli.pl\/index.php\/wp-json\/wp\/v2\/comments?post=287"}],"version-history":[{"count":6,"href":"https:\/\/galeria-akwareli.pl\/index.php\/wp-json\/wp\/v2\/pages\/287\/revisions"}],"predecessor-version":[{"id":301,"href":"https:\/\/galeria-akwareli.pl\/index.php\/wp-json\/wp\/v2\/pages\/287\/revisions\/301"}],"wp:attachment":[{"href":"https:\/\/galeria-akwareli.pl\/index.php\/wp-json\/wp\/v2\/media?parent=287"}],"curies":[{"name":"wp","href":"https:\/\/api.w.org\/{rel}","templated":true}]}}